{"id":41198,"date":"2025-09-29T07:33:48","date_gmt":"2025-09-29T07:33:48","guid":{"rendered":"https:\/\/vivbliss.com\/product\/lace-open-bust-bow-teddy\/"},"modified":"2025-09-30T08:13:27","modified_gmt":"2025-09-30T08:13:27","slug":"spitzen-teddy-mit-offener-buste-und-schleife","status":"publish","type":"product","link":"https:\/\/vivbliss.com\/de\/product\/lace-open-bust-bow-teddy\/","title":{"rendered":"Spitze Offene B\u00fcste Schleife Teddy"},"content":{"rendered":"<p>Dieses Spitzen-Teddy-Dessous verf\u00fcgt \u00fcber ein k\u00f6rbchenloses Oberteil mit Satinschleife und Wellenbesatz.<\/p>","protected":false},"excerpt":{"rendered":"<p>Dieses Spitzen-Teddy-Dessous verf\u00fcgt \u00fcber ein k\u00f6rbchenloses Oberteil mit Satinschleife und Wellenbesatz.<\/p>","protected":false},"featured_media":41201,"template":"","meta":{"_acf_changed":false},"product_brand":[],"product_cat":[163],"product_tag":[],"class_list":{"0":"post-41198","1":"product","2":"type-product","3":"status-publish","4":"has-post-thumbnail","6":"product_cat-wedding-lingerie","8":"first","9":"instock","10":"sale","11":"shipping-taxable","12":"purchasable","13":"product-type-variable"},"acf":[],"_links":{"self":[{"href":"https:\/\/vivbliss.com\/de\/wp-json\/wp\/v2\/product\/41198","targetHints":{"allow":["GET"]}}],"collection":[{"href":"https:\/\/vivbliss.com\/de\/wp-json\/wp\/v2\/product"}],"about":[{"href":"https:\/\/vivbliss.com\/de\/wp-json\/wp\/v2\/types\/product"}],"version-history":[{"count":1,"href":"https:\/\/vivbliss.com\/de\/wp-json\/wp\/v2\/product\/41198\/revisions"}],"predecessor-version":[{"id":41842,"href":"https:\/\/vivbliss.com\/de\/wp-json\/wp\/v2\/product\/41198\/revisions\/41842"}],"wp:featuredmedia":[{"embeddable":true,"href":"https:\/\/vivbliss.com\/de\/wp-json\/wp\/v2\/media\/41201"}],"wp:attachment":[{"href":"https:\/\/vivbliss.com\/de\/wp-json\/wp\/v2\/media?parent=41198"}],"wp:term":[{"taxonomy":"product_brand","embeddable":true,"href":"https:\/\/vivbliss.com\/de\/wp-json\/wp\/v2\/product_brand?post=41198"},{"taxonomy":"product_cat","embeddable":true,"href":"https:\/\/vivbliss.com\/de\/wp-json\/wp\/v2\/product_cat?post=41198"},{"taxonomy":"product_tag","embeddable":true,"href":"https:\/\/vivbliss.com\/de\/wp-json\/wp\/v2\/product_tag?post=41198"}],"curies":[{"name":"wp","href":"https:\/\/api.w.org\/{rel}","templated":true}]}}