{"id":40674,"date":"2025-09-25T10:17:00","date_gmt":"2025-09-25T10:17:00","guid":{"rendered":"https:\/\/vivbliss.com\/product\/contrast-daisy-lace-bra-set\/"},"modified":"2025-09-25T10:25:28","modified_gmt":"2025-09-25T10:25:28","slug":"bh-set-mit-kontrastierender-ganseblumchen-spitze","status":"publish","type":"product","link":"https:\/\/vivbliss.com\/de\/product\/contrast-daisy-lace-bra-set\/","title":{"rendered":"BH-Set mit kontrastierender G\u00e4nsebl\u00fcmchen-Spitze"},"content":{"rendered":"<p>Dieses kontrastreiche Dessous-Set aus Spitze mit G\u00e4nsebl\u00fcmchen-Print besteht aus einem Bralette aus \u00fcberschnittener Spitze mit tiefem Ausschnitt, Mini-Satinschleifen und einem passenden H\u00f6schen mit \u00fcberschnittenem Spitzensaum und seitlichen Tr\u00e4gern.<\/p>","protected":false},"excerpt":{"rendered":"<p>Dieses kontrastreiche Dessous-Set aus Spitze mit G\u00e4nsebl\u00fcmchen-Print besteht aus einem Bralette aus \u00fcberschnittener Spitze mit tiefem Ausschnitt, Mini-Satinschleifen und einem passenden H\u00f6schen mit \u00fcberschnittenem Spitzensaum und seitlichen Tr\u00e4gern.<\/p>","protected":false},"featured_media":40681,"template":"","meta":{"_acf_changed":false},"product_brand":[],"product_cat":[1817],"product_tag":[],"class_list":{"0":"post-40674","1":"product","2":"type-product","3":"status-publish","4":"has-post-thumbnail","6":"product_cat-underwear","8":"first","9":"instock","10":"sale","11":"shipping-taxable","12":"purchasable","13":"product-type-variable"},"acf":[],"_links":{"self":[{"href":"https:\/\/vivbliss.com\/de\/wp-json\/wp\/v2\/product\/40674","targetHints":{"allow":["GET"]}}],"collection":[{"href":"https:\/\/vivbliss.com\/de\/wp-json\/wp\/v2\/product"}],"about":[{"href":"https:\/\/vivbliss.com\/de\/wp-json\/wp\/v2\/types\/product"}],"version-history":[{"count":1,"href":"https:\/\/vivbliss.com\/de\/wp-json\/wp\/v2\/product\/40674\/revisions"}],"predecessor-version":[{"id":40856,"href":"https:\/\/vivbliss.com\/de\/wp-json\/wp\/v2\/product\/40674\/revisions\/40856"}],"wp:featuredmedia":[{"embeddable":true,"href":"https:\/\/vivbliss.com\/de\/wp-json\/wp\/v2\/media\/40681"}],"wp:attachment":[{"href":"https:\/\/vivbliss.com\/de\/wp-json\/wp\/v2\/media?parent=40674"}],"wp:term":[{"taxonomy":"product_brand","embeddable":true,"href":"https:\/\/vivbliss.com\/de\/wp-json\/wp\/v2\/product_brand?post=40674"},{"taxonomy":"product_cat","embeddable":true,"href":"https:\/\/vivbliss.com\/de\/wp-json\/wp\/v2\/product_cat?post=40674"},{"taxonomy":"product_tag","embeddable":true,"href":"https:\/\/vivbliss.com\/de\/wp-json\/wp\/v2\/product_tag?post=40674"}],"curies":[{"name":"wp","href":"https:\/\/api.w.org\/{rel}","templated":true}]}}