{"id":40437,"date":"2025-09-25T10:14:13","date_gmt":"2025-09-25T10:14:13","guid":{"rendered":"https:\/\/vivbliss.com\/product\/enticing-white-lace-lingerie-two-piece-set\/"},"modified":"2025-09-25T10:26:19","modified_gmt":"2025-09-25T10:26:19","slug":"verfuhrerisches-dessous-aus-weiser-spitze-in-zwei-teilen","status":"publish","type":"product","link":"https:\/\/vivbliss.com\/de\/product\/enticing-white-lace-lingerie-two-piece-set\/","title":{"rendered":"Verlockende wei\u00dfe Spitzenunterw\u00e4sche Zweiteiliges Set"},"content":{"rendered":"<p>Dieses romantische und verf\u00fchrerische zweiteilige wei\u00dfe Dessous-Set besteht aus einem wei\u00dfen Spitzen-Crop-Top mit Fl\u00fcgel\u00e4rmeln, wei\u00dfer Spitzen-Stickerei mit Blumendetails, einem offenen R\u00fccken und einem dazu passenden hochtaillierten H\u00f6schen mit angen\u00e4hten Strumpfhaltern und einem frech geschnittenen Po (Str\u00fcmpfe nicht enthalten).<\/p>","protected":false},"excerpt":{"rendered":"<p>Dieses romantische und verf\u00fchrerische zweiteilige wei\u00dfe Dessous-Set besteht aus einem wei\u00dfen Spitzen-Crop-Top mit Fl\u00fcgel\u00e4rmeln, wei\u00dfer Spitzen-Stickerei mit Blumendetails, einem offenen R\u00fccken und einem dazu passenden hochtaillierten H\u00f6schen mit angen\u00e4hten Strumpfhaltern und einem frech geschnittenen Po (Str\u00fcmpfe nicht enthalten).<\/p>","protected":false},"featured_media":40441,"template":"","meta":{"_acf_changed":false},"product_brand":[],"product_cat":[1817],"product_tag":[],"class_list":{"0":"post-40437","1":"product","2":"type-product","3":"status-publish","4":"has-post-thumbnail","6":"product_cat-underwear","8":"first","9":"instock","10":"sale","11":"shipping-taxable","12":"purchasable","13":"product-type-variable"},"acf":[],"_links":{"self":[{"href":"https:\/\/vivbliss.com\/de\/wp-json\/wp\/v2\/product\/40437","targetHints":{"allow":["GET"]}}],"collection":[{"href":"https:\/\/vivbliss.com\/de\/wp-json\/wp\/v2\/product"}],"about":[{"href":"https:\/\/vivbliss.com\/de\/wp-json\/wp\/v2\/types\/product"}],"version-history":[{"count":1,"href":"https:\/\/vivbliss.com\/de\/wp-json\/wp\/v2\/product\/40437\/revisions"}],"predecessor-version":[{"id":40863,"href":"https:\/\/vivbliss.com\/de\/wp-json\/wp\/v2\/product\/40437\/revisions\/40863"}],"wp:featuredmedia":[{"embeddable":true,"href":"https:\/\/vivbliss.com\/de\/wp-json\/wp\/v2\/media\/40441"}],"wp:attachment":[{"href":"https:\/\/vivbliss.com\/de\/wp-json\/wp\/v2\/media?parent=40437"}],"wp:term":[{"taxonomy":"product_brand","embeddable":true,"href":"https:\/\/vivbliss.com\/de\/wp-json\/wp\/v2\/product_brand?post=40437"},{"taxonomy":"product_cat","embeddable":true,"href":"https:\/\/vivbliss.com\/de\/wp-json\/wp\/v2\/product_cat?post=40437"},{"taxonomy":"product_tag","embeddable":true,"href":"https:\/\/vivbliss.com\/de\/wp-json\/wp\/v2\/product_tag?post=40437"}],"curies":[{"name":"wp","href":"https:\/\/api.w.org\/{rel}","templated":true}]}}