{"id":40274,"date":"2025-09-25T09:40:20","date_gmt":"2025-09-25T09:40:20","guid":{"rendered":"https:\/\/vivbliss.com\/product\/hearts-desire-racerback-lace-teddy-lingerie\/"},"modified":"2025-09-25T10:27:20","modified_gmt":"2025-09-25T10:27:20","slug":"hearts-desire-racerback-lace-teddy-lingerie","status":"publish","type":"product","link":"https:\/\/vivbliss.com\/de\/product\/hearts-desire-racerback-lace-teddy-lingerie\/","title":{"rendered":"Hearts Desire Racerback Lace Teddy Lingerie"},"content":{"rendered":"<p>Dieses Dessous mit Spitzenbesatz verf\u00fcgt \u00fcber einen tief ausgeschnittenen Busen mit Schl\u00fcssellochausschnitt, ein Herzdetail, einen hochgeschnittenen Halsausschnitt mit Racerback-Spitze, einen geteilten Schritt und einen frechen Po.<\/p>","protected":false},"excerpt":{"rendered":"<p>Dieses Dessous mit Spitzenbesatz verf\u00fcgt \u00fcber einen tief ausgeschnittenen Busen mit Schl\u00fcssellochausschnitt, ein Herzdetail, einen hochgeschnittenen Halsausschnitt mit Racerback-Spitze, einen geteilten Schritt und einen frechen Po.<\/p>","protected":false},"featured_media":40275,"template":"","meta":{"_acf_changed":false},"product_brand":[],"product_cat":[172],"product_tag":[],"class_list":{"0":"post-40274","1":"product","2":"type-product","3":"status-publish","4":"has-post-thumbnail","6":"product_cat-bridal-lingerie","8":"first","9":"instock","10":"sale","11":"shipping-taxable","12":"purchasable","13":"product-type-variable"},"acf":[],"_links":{"self":[{"href":"https:\/\/vivbliss.com\/de\/wp-json\/wp\/v2\/product\/40274","targetHints":{"allow":["GET"]}}],"collection":[{"href":"https:\/\/vivbliss.com\/de\/wp-json\/wp\/v2\/product"}],"about":[{"href":"https:\/\/vivbliss.com\/de\/wp-json\/wp\/v2\/types\/product"}],"version-history":[{"count":1,"href":"https:\/\/vivbliss.com\/de\/wp-json\/wp\/v2\/product\/40274\/revisions"}],"predecessor-version":[{"id":40869,"href":"https:\/\/vivbliss.com\/de\/wp-json\/wp\/v2\/product\/40274\/revisions\/40869"}],"wp:featuredmedia":[{"embeddable":true,"href":"https:\/\/vivbliss.com\/de\/wp-json\/wp\/v2\/media\/40275"}],"wp:attachment":[{"href":"https:\/\/vivbliss.com\/de\/wp-json\/wp\/v2\/media?parent=40274"}],"wp:term":[{"taxonomy":"product_brand","embeddable":true,"href":"https:\/\/vivbliss.com\/de\/wp-json\/wp\/v2\/product_brand?post=40274"},{"taxonomy":"product_cat","embeddable":true,"href":"https:\/\/vivbliss.com\/de\/wp-json\/wp\/v2\/product_cat?post=40274"},{"taxonomy":"product_tag","embeddable":true,"href":"https:\/\/vivbliss.com\/de\/wp-json\/wp\/v2\/product_tag?post=40274"}],"curies":[{"name":"wp","href":"https:\/\/api.w.org\/{rel}","templated":true}]}}