{"id":37990,"date":"2025-09-16T02:39:28","date_gmt":"2025-09-16T02:39:28","guid":{"rendered":"https:\/\/vivbliss.com\/product\/cock-ring-with-rose-clitoral-stimulation\/"},"modified":"2025-09-16T02:39:44","modified_gmt":"2025-09-16T02:39:44","slug":"cockring-mit-rose-klitoris-stimulation","status":"publish","type":"product","link":"https:\/\/vivbliss.com\/de\/product\/cock-ring-with-rose-clitoral-stimulation\/","title":{"rendered":"Cock Ring mit Rose Klitoris Stimulation"},"content":{"rendered":"<h2>\u00dcber diesen Artikel<\/h2>\n<ul>\n<li>\u3010Vibrierender Schwanzring mit mehrfacher Stimulation\u3011Dieses Sexspielzeug f\u00fcr Erwachsene = ein Penisring-Vibrator f\u00fcr M\u00e4nner + ein Klitoris-Stimulator f\u00fcr Frauen. Ein Sexspielzeug kombiniert die Vorteile von beidem und ist mit zwei leisen Motoren und einem flexiblen, weichen Doppelring ausgestattet, der die Dauer des Geschlechtsverkehrs verz\u00f6gern, den Hodensack massieren und gleichzeitig eine stimulierende C-Punkt-Erfahrung f\u00fcr den Partner bringen kann.<\/li>\n<li>\u3010Couples Sex Toy with Rose Clitoral Stimulator\u3011With its unique rose-shaped vibrator design, the penis rings are ideal for couples to interact with each other: the double ring delays the male orgasm, the rose petal and stamens on the upper part of the vibrator accelerates the female external orgasm, and the lower part of the vibrator massages the male scrotum. Der Vibrator Ring wird Sex zwischen M\u00e4nnern und Frauen konsequent in der Zeit und haben eine angenehme Erfahrung zur gleichen Zeit<\/li>\n<li>Dual Rings &amp; Dual Motor Design\u3011Der vibrierende Penisring ist aus hochwertigem, weichem Silikon gefertigt, so dass der Ring dehnbar und flexibel genug ist, um die meisten Gr\u00f6\u00dfen und Positionen zu passen. Der kleine\/innere Ring wird verwendet, um den Penis zu sperren, und der gr\u00f6\u00dfere\/\u00e4u\u00dfere Ring wird verwendet, um den Hodensack zu sperren, eine ausgezeichnete Erfahrung mit doppelter Versicherung. Dieses Paar Sexspielzeug hat zwei Motoren, einen am Kopf und einen am Schwanz, die hervorragende Ergebnisse bringen k\u00f6nnen, wenn sie die privaten Teile ber\u00fchren<\/li>\n<li>\u30109 Vibrationsmodi &amp; APP-Steuerung Paar Sexspielzeug\u3011Dieses Spielzeug f\u00fcr Erwachsene bietet Ihnen 9 grundlegende klassische Vibrationsmodi, in der Zwischenzeit k\u00f6nnen Sie mehr Vibrationsmodi durch die APP-Anwendung freischalten. F\u00fcr Paare oder Solospiel, kann es vom Benutzer \u00fcber die App gesteuert werden, Sie k\u00f6nnen die Vibrationsstufen mit nur einem Fingerstreich einstellen. Klassischer Modus, Sound-Modus, Musik-Modus, Touch-Modus... viele unerwartete Funktionen, die Sie entdecken k\u00f6nnen<\/li>\n<li>\u3010IPX6 Waterproof &amp; USB Magnetic Charging\u3011Dieses Sexspielzeug f\u00fcr Paare verwendet ein wasserdichtes Design, das Ihnen mehr Spa\u00df in der Badewanne bieten kann, und es ist auch leicht zu reinigen! Der Penisvibrator verf\u00fcgt \u00fcber eine magnetische USB-Aufladung, die schnell und bequem aufgeladen werden kann. Nach 90 Minuten Ladezeit k\u00f6nnen Sie 60 Minuten lang sexuelles Vergn\u00fcgen genie\u00dfen.<\/li>\n<li>\u3010K\u00f6rpersicheres Material &amp; Diskrete Verpackung\u3011Der Cockring-Vibrator ist aus hochwertigem Silikon, weich und seidig anzufassen, flexibel, nicht steif. Wenn Sie irgendwelche Probleme mit diesem Paar Sexspielzeug treffen, kontaktieren Sie uns bitte kostenlos. Alle Jrueden Spielzeuge f\u00fcr Erwachsene sind in einer diskreten Box verpackt, um Ihre Privatsph\u00e4re zu sch\u00fctzen. Nur \u00fcber 18 Jahre alt kann dieses Spielzeug f\u00fcr Erwachsene verwenden<\/li>\n<\/ul>","protected":false},"excerpt":{"rendered":"<p>About this item \u3010Vibrating Cock Ring with Multiple Stimulation\u3011This adult sex toys = one Men&#8217;s Penis Rings Vibrators + one Clitoral Stimulator for Women. One sex toy combines the advantages of both, and is equipped with dual silent motors and a flexible soft double-ring, which can delay the duration of sex, massage the scrotum, and at the same time bring a stimulating C-spot experience to the partner \u3010Couples Sex Toy with Rose Clitoral Stimulator\u3011With its unique rose-shaped vibrator design, the penis rings are ideal for couples to interact with each other: the double ring delays the male orgasm, the rose petal and stamens on the upper part of the vibrator accelerates the female external orgasm, and the lower part of the vibrator massages the male scrotum. The vibrator ring will make sex between men and women consistent in time and have a pleasant experience at the same time \u3010Dual Rings &amp; Dual Motor Design\u3011The vibrating penis ring is made of high quality soft silicone, so the ring is stretchy and flexible enough to fit most sizes and positions. The small\/inner ring is used to lock the penis, and the bigger\/outer ring is used to lock the scrotum, an excellent experience with double insurance. This couple sex toys have two motors, one at the head and one at the tail, which can bring excellent results when touching the private parts \u30109 Vibration Modes &amp; APP Control Couple Sex Toys\u3011This adult toy provides you with 9 basic classic vibration modes, meanwhile, you can unlock more vibration modes through the APP application. For couples or solo play, it can be controlled by the user via the app, you can adjust the vibration levels with just a finger swipe. Classic mode, Sound mode, Music mode, Touch mode&#8230;plenty of unexpected features for you to explore \u3010IPX6 Waterproof &amp; USB Magnetic Charging\u3011This couples sex toys use a full waterproof design, which can provide you more fun in the tub, and it is easy to clean too! The penis vibrator adopts USB magnetic charging, which can be charged quickly and conveniently. You can enjoy a 60 -minute sexual pleasure after 90 -minute of charging \u3010Body-safe Material &amp; Discreet Package\u3011The cock ring vibrator is made of high-quality silicone, soft and silky to the touch , flexible, not stiff. If you meet any problems with this couple sex toys, please contact us for free. All Jrueden adult toys are packaged in a discreet box to protect your privacy. Only over 18 years old can use this adult toy<\/p>","protected":false},"featured_media":37991,"template":"","meta":{"_acf_changed":false},"product_brand":[],"product_cat":[1892],"product_tag":[],"class_list":{"0":"post-37990","1":"product","2":"type-product","3":"status-publish","4":"has-post-thumbnail","6":"product_cat-couple-toys","8":"first","9":"instock","10":"shipping-taxable","11":"purchasable","12":"product-type-simple"},"acf":[],"_links":{"self":[{"href":"https:\/\/vivbliss.com\/de\/wp-json\/wp\/v2\/product\/37990","targetHints":{"allow":["GET"]}}],"collection":[{"href":"https:\/\/vivbliss.com\/de\/wp-json\/wp\/v2\/product"}],"about":[{"href":"https:\/\/vivbliss.com\/de\/wp-json\/wp\/v2\/types\/product"}],"version-history":[{"count":0,"href":"https:\/\/vivbliss.com\/de\/wp-json\/wp\/v2\/product\/37990\/revisions"}],"wp:featuredmedia":[{"embeddable":true,"href":"https:\/\/vivbliss.com\/de\/wp-json\/wp\/v2\/media\/37991"}],"wp:attachment":[{"href":"https:\/\/vivbliss.com\/de\/wp-json\/wp\/v2\/media?parent=37990"}],"wp:term":[{"taxonomy":"product_brand","embeddable":true,"href":"https:\/\/vivbliss.com\/de\/wp-json\/wp\/v2\/product_brand?post=37990"},{"taxonomy":"product_cat","embeddable":true,"href":"https:\/\/vivbliss.com\/de\/wp-json\/wp\/v2\/product_cat?post=37990"},{"taxonomy":"product_tag","embeddable":true,"href":"https:\/\/vivbliss.com\/de\/wp-json\/wp\/v2\/product_tag?post=37990"}],"curies":[{"name":"wp","href":"https:\/\/api.w.org\/{rel}","templated":true}]}}