{"id":37967,"date":"2025-09-16T02:38:44","date_gmt":"2025-09-16T02:38:44","guid":{"rendered":"https:\/\/vivbliss.com\/product\/penis-ring-tongue-design-with-9-vibration-modes\/"},"modified":"2025-09-16T02:38:58","modified_gmt":"2025-09-16T02:38:58","slug":"penisring-zungen-design-mit-9-vibrationsmodi","status":"publish","type":"product","link":"https:\/\/vivbliss.com\/de\/product\/penis-ring-tongue-design-with-9-vibration-modes\/","title":{"rendered":"Penis Ring Zunge Design mit 9 Vibrationsmodi"},"content":{"rendered":"<h2>\u00dcber diesen Artikel<\/h2>\n<ul>\n<li>\u3010Great Couple Sex Toys\u3011 Dieser vibrierende Penisring macht den m\u00e4nnlichen Penis h\u00e4rter und st\u00e4rker. Die Zunge kann die Klitoris, Brustwarze oder andere empfindliche Bereiche der Frau stimulieren, geeignet f\u00fcr Paare, um zusammen zu verwenden.<\/li>\n<li>\u30109 Leistungsstarke Vibrationsmodi\u3011 Der Cockring-Vibrator hat zwei leistungsstarke Motoren, die 9 Vibrationsfrequenzen bieten, w\u00e4hlen Sie diejenige, die zu Ihnen passt und verabschieden Sie sich von dem traditionellen Penisring.<\/li>\n<li>\u3010Upgrade APP-Fernbedienung\u3011 Durch APP k\u00f6nnen Sie l\u00e4nder\u00fcbergreifende Steuerung dieses Paarvibrators realisieren. APP bietet 6 Modi, Sie k\u00f6nnen auch Videoanruf, Musik und viele andere Spa\u00df genie\u00dfen.<\/li>\n<li>\u3010Big Mouth Cockring\u3011 Anders als die traditionelle runde Form, wird die Mundform Ihre Aufmerksamkeit erregen. Das einzigartige Zungen-Design kann entweder die Hoden reiben oder als Klitoris-Stimulator f\u00fcr Frauen verwendet werden. Unterschiedliche Tragestile werden unterschiedliche Erfahrungen bringen.<\/li>\n<li>\u3010IPX7 Wasserdicht &amp; USB Aufladen\u3011 Dieser m\u00e4nnliche Vibrator ist IPX7 wasserdicht und nach dem Gebrauch leicht zu reinigen. Und es ist USB-Ladung, kompatibel mit einer breiten Palette von Ger\u00e4ten, 1,5 Stunden aufladen und bis zu 1 Stunde Gebrauch.<\/li>\n<li>\u3010Softes dehnbares Material &amp; geeignete Gr\u00f6\u00dfe\u3011 Hergestellt aus weichem Stretch-Silikon und ABS, ist dieses Herren-Sexspielzeug flexibel und kann leicht auf die passende Gr\u00f6\u00dfe gedehnt werden, geeignet f\u00fcr die meisten M\u00e4nner.<\/li>\n<li>\u3010Low Noise Design\u3011 Der Ger\u00e4uschpegel dieses Penisvibrators ist so konzipiert, dass er weniger als 50 Dezibel betr\u00e4gt. Sie k\u00f6nnen ihn verwenden, ohne sich Sorgen zu machen, dass er die gute Atmosph\u00e4re besch\u00e4digt.<\/li>\n<li>\u3010Diskrete Verpackung &amp; Sexspielzeug f\u00fcr Ihn\u3011 Der vibrierende Cockring wird in einer diskreten Box verpackt, um Ihre Privatsph\u00e4re zu gew\u00e4hrleisten. Als Geschenk f\u00fcr denjenigen, den Sie lieben, ist dieses Sexspielzeug f\u00fcr Erwachsene auch eine gute Wahl!<\/li>\n<\/ul>","protected":false},"excerpt":{"rendered":"<p>About this item \u3010Great Couple Sex Toys\u3011 This vibrating penis ring makes the male penis harder and stronger. The tongue can stimulate the clitoral, nipple, or other sensitive area of the female, suitable for couples to use together. \u30109 Powerful Vibration Modes\u3011 The cock ring vibrator has two powerful motors to provide 9 vibration frequencies, choose the one that suits you and say goodbye to the traditional penis ring. \u3010Upgrade APP Remote Control\u3011 Through APP you can realize cross-country control of this couple vibrator. APP provides 6 modes, you can also enjoy video call, music and many other fun. \u3010Big Mouth Cockring\u3011 Unlike the traditional round shape, the mouth shape will get your attention. The unique tongue design can either rub the testicles or be used as a clitoral stimulator for women. Different wearing styles will bring different experiences. \u3010IPX7 Waterproof &amp; USB Recharge\u3011 This male vibrator is IPX7 waterproof and easy to clean after use. And it is USB charging, compatible with a wide range of devices, 1.5 hours charge and up to 1 hour of use. \u3010Soft Stretchy Material &amp; Suitable Size\u3011 Made from soft stretch silicone and ABS, this mens sex toys is flexible and can easily stretch to the appropriate size, suitable for most men. \u3010Low Noise Design\u3011 The noise level of this penis vibrator is designed to be less than 50 decibels. You can use it without worry that it will damage the good atmosphere. \u3010Discreet Packing &amp; Sex Toys for Him\u3011 The cock ring vibrating will be packaged in a discreet box to ensure your privacy. As a gift for the one you love, this adult sex toy is also a great choice!<\/p>","protected":false},"featured_media":37968,"template":"","meta":{"_acf_changed":false},"product_brand":[],"product_cat":[1892],"product_tag":[],"class_list":{"0":"post-37967","1":"product","2":"type-product","3":"status-publish","4":"has-post-thumbnail","6":"product_cat-couple-toys","8":"first","9":"instock","10":"shipping-taxable","11":"purchasable","12":"product-type-simple"},"acf":[],"_links":{"self":[{"href":"https:\/\/vivbliss.com\/de\/wp-json\/wp\/v2\/product\/37967","targetHints":{"allow":["GET"]}}],"collection":[{"href":"https:\/\/vivbliss.com\/de\/wp-json\/wp\/v2\/product"}],"about":[{"href":"https:\/\/vivbliss.com\/de\/wp-json\/wp\/v2\/types\/product"}],"version-history":[{"count":0,"href":"https:\/\/vivbliss.com\/de\/wp-json\/wp\/v2\/product\/37967\/revisions"}],"wp:featuredmedia":[{"embeddable":true,"href":"https:\/\/vivbliss.com\/de\/wp-json\/wp\/v2\/media\/37968"}],"wp:attachment":[{"href":"https:\/\/vivbliss.com\/de\/wp-json\/wp\/v2\/media?parent=37967"}],"wp:term":[{"taxonomy":"product_brand","embeddable":true,"href":"https:\/\/vivbliss.com\/de\/wp-json\/wp\/v2\/product_brand?post=37967"},{"taxonomy":"product_cat","embeddable":true,"href":"https:\/\/vivbliss.com\/de\/wp-json\/wp\/v2\/product_cat?post=37967"},{"taxonomy":"product_tag","embeddable":true,"href":"https:\/\/vivbliss.com\/de\/wp-json\/wp\/v2\/product_tag?post=37967"}],"curies":[{"name":"wp","href":"https:\/\/api.w.org\/{rel}","templated":true}]}}