{"id":37934,"date":"2025-09-16T02:37:28","date_gmt":"2025-09-16T02:37:28","guid":{"rendered":"https:\/\/vivbliss.com\/product\/2-in-1-vibrating-cock-ring-rose-vibrator\/"},"modified":"2025-09-16T02:37:54","modified_gmt":"2025-09-16T02:37:54","slug":"2-in-1-vibrierenden-hahn-ring-rose-vibrator","status":"publish","type":"product","link":"https:\/\/vivbliss.com\/de\/product\/2-in-1-vibrating-cock-ring-rose-vibrator\/","title":{"rendered":"2 in 1 Vibrierender Cock Ring Rose Vibrator"},"content":{"rendered":"<ul>\n<li><strong>Multifunktionaler Penisring-Vibrator:<\/strong> Der doppelte Penisring Design wird auf den Penis und Hoden fest fixiert werden, auch doppelte Ring wird die Erektion verl\u00e4ngernde Wirkung besser machen. Dieser Penisring hat eine Klitoris-Massageger\u00e4t, das zus\u00e4tzliche Freude bieten wird, wenn Sie Spa\u00df mit ihr haben.<\/li>\n<li><strong>Neuartiges Design von Rosen und Herzen:<\/strong> Dieser vibrierende Penisring in Form einer Rose und eines Herzens repr\u00e4sentiert die leidenschaftlichste Liebe zu ihr. Das zentrale Staubgef\u00e4\u00df trifft genau den empfindlichen Punkt der Klitoris, um ihr den ultimativen Klitorisorgasmus zu bescheren. Dieser Silikon-Penisring ist die beste \u00dcberraschung f\u00fcr Ihre Partnerin.<\/li>\n<li><strong>Verl\u00e4ngert die sexuelle Leistungsf\u00e4higkeit:<\/strong> Unsere Rose Penisring befestigt fest an den Penis, um die Schwellk\u00f6rper engorged zu halten, so dass Erektionen l\u00e4nger dauern und verbessern die Ausdauer w\u00e4hrend des Geschlechtsverkehrs, also verz\u00f6gert die Ejakulation, um sie besser zu gefallen.<\/li>\n<li><strong>9 leistungsstarke Vibrationsmodi:<\/strong> Mit einem gut durchdachten Motor auf dem neuesten Stand der Technik, hat dieser m\u00e4nnliche Sexring 9 leistungsstarke Vibrationsmodi. Nur ein Klick, um die Modi zu wechseln, die die Stimulation der Klitoris und des Penis zur gleichen Zeit befriedigen k\u00f6nnen. Dieses Produkt kann Ihnen 9 verschiedene wunderbare Gef\u00fchle geben.<\/li>\n<li><strong>K\u00f6rpersicheres und weiches, flexibles Silikon:<\/strong> Dieser Penisring ist aus hochwertigem Silikon gefertigt, das f\u00fcr den intimen Gebrauch sicher ist. Er ist sehr weich und flexibel, so dass er sich an verschiedene Penisgr\u00f6\u00dfen anpasst; au\u00dferdem ist er sehr angenehm zu tragen.<\/li>\n<li><strong>Magnetischer Lademodus:<\/strong> Wir haben eine neue magnetische Lademethode f\u00fcr diesen Penisring entwickelt, mit der Sie Ihr Spielzeug ganz einfach aufladen k\u00f6nnen, indem Sie es an Ihr Handy-Ladeger\u00e4t, Ihre Powerbank oder Ihren Computer anschlie\u00dfen. Verabschieden Sie sich von sperrigen Lademethoden.<\/li>\n<li><strong>IPX7 Wasserdicht und leicht zu reinigen:<\/strong> Unser Produkt ist IPX7 wasserdicht, so dass der Penisring beim Reinigen mit Wasser abgesp\u00fclt werden kann. Sie k\u00f6nnen ihn auch im Wasser verwenden. Der Teil des Klitorisvibrators kann zerlegt werden, was eine einfache Reinigung ohne Probleme erm\u00f6glicht.<\/li>\n<li><strong>Sichere Lieferung, private Verpackung und zuverl\u00e4ssiger Service:<\/strong> Unsere Produkte werden privat verpackt, und auf der Au\u00dfenverpackung befinden sich keine Produktinformationen. Ihre Privatsph\u00e4re ist bei uns gesichert. Wenn es irgendein Problem mit dem Produkt gibt, k\u00f6nnen Sie uns rechtzeitig kontaktieren und wir werden alle Probleme f\u00fcr Sie l\u00f6sen.<\/li>\n<\/ul>","protected":false},"excerpt":{"rendered":"<p>Multifunctional Penis Ring Vibrator: The double penis ring design will be fixed to the penis and testicles firmly, also double ring will make the erection prolonging effects better. This penis ring has a clitoris massager that will provide extra pleasure when you are having fun with her. Novel Roses &amp; Hearts Design: Featuring a rose and heart shape design, this vibrating penis ring represents the most passionate love for her. The central stamen accurately hits the sensitive point of the clitoris to bring her the ultimate clit orgasm. This silicone cock ring is the best surprise for your partner. Prolong Sex Performance: Our rose penis ring attaches firmly to the penis to keep the corpus cavernosum engorged, so that erections last longer and improve stamina during intercourse, therefore delays the ejaculation to please her better. 9 Powerful Vibration Modes: With a well-designed state-of-the-art motor, this male sex ring has 9 powerful vibrating modes. Just one click to switch modes, which can satisfy the stimulation of the clitoris and penis at the same time. This product can give you 9 different wonderful feelings. Body-safe &amp; Soft Flexible Silicone: This penis ring is made of premium silicone, which is safe for intimate use. It is very soft and flexible, so that it will fit itself to different penis sizes; it is also very comfortable for wearing. Magnetic Charging Mode: We adopt a new magnetic charging method for this penis ring, so that you can easily charge your toys by connecting to your phone charger, power bank, or computer. Say goodbye to bulky charging methods. IPX7 Waterproof &amp; Easy to Clean: Our product is IPX7 waterproof, allowing the penis ring to be rinsed with water while cleaning. You can also use it in water. The clitoral vibrator part can be disassembled, which is super easy to clean without any worries. Safe Delivery &amp; Private Packaging &amp; Reliable Service: Our products are packaged privately, and there is no product information on the outer packaging. Your privacy is secured with us. If there is any problem with the product, you can contact us in time and we will solve any problems for you.<\/p>","protected":false},"featured_media":37937,"template":"","meta":{"_acf_changed":false},"product_brand":[],"product_cat":[1892],"product_tag":[],"class_list":{"0":"post-37934","1":"product","2":"type-product","3":"status-publish","4":"has-post-thumbnail","6":"product_cat-couple-toys","8":"first","9":"instock","10":"shipping-taxable","11":"purchasable","12":"product-type-simple"},"acf":[],"_links":{"self":[{"href":"https:\/\/vivbliss.com\/de\/wp-json\/wp\/v2\/product\/37934","targetHints":{"allow":["GET"]}}],"collection":[{"href":"https:\/\/vivbliss.com\/de\/wp-json\/wp\/v2\/product"}],"about":[{"href":"https:\/\/vivbliss.com\/de\/wp-json\/wp\/v2\/types\/product"}],"version-history":[{"count":0,"href":"https:\/\/vivbliss.com\/de\/wp-json\/wp\/v2\/product\/37934\/revisions"}],"wp:featuredmedia":[{"embeddable":true,"href":"https:\/\/vivbliss.com\/de\/wp-json\/wp\/v2\/media\/37937"}],"wp:attachment":[{"href":"https:\/\/vivbliss.com\/de\/wp-json\/wp\/v2\/media?parent=37934"}],"wp:term":[{"taxonomy":"product_brand","embeddable":true,"href":"https:\/\/vivbliss.com\/de\/wp-json\/wp\/v2\/product_brand?post=37934"},{"taxonomy":"product_cat","embeddable":true,"href":"https:\/\/vivbliss.com\/de\/wp-json\/wp\/v2\/product_cat?post=37934"},{"taxonomy":"product_tag","embeddable":true,"href":"https:\/\/vivbliss.com\/de\/wp-json\/wp\/v2\/product_tag?post=37934"}],"curies":[{"name":"wp","href":"https:\/\/api.w.org\/{rel}","templated":true}]}}