{"id":37723,"date":"2025-09-16T02:06:04","date_gmt":"2025-09-16T02:06:04","guid":{"rendered":"https:\/\/vivbliss.com\/product\/lesbian-strap-on-dildo-vibrator-double-ended-with-remote-control\/"},"modified":"2025-09-16T02:06:31","modified_gmt":"2025-09-16T02:06:31","slug":"lesbischer-strap-on-dildo-vibrator-mit-zwei-enden-und-fernbedienung","status":"publish","type":"product","link":"https:\/\/vivbliss.com\/de\/product\/lesbian-strap-on-dildo-vibrator-double-ended-with-remote-control\/","title":{"rendered":"Lesbian Strap-on Dildo Vibrator mit zwei Enden und Fernbedienung"},"content":{"rendered":"<p><strong>Spezifikationen<\/strong><\/p>\n<p><strong>Produktname:<\/strong> Lesbischer Strap-on Dildo Vibrator Doppelendiger Dildo mit Fernsteuerung<\/p>\n<p><strong>Material<\/strong>: Sillikon + ABS<\/p>\n<p><strong>Stromquelle<\/strong>: Wiederaufladbar<\/p>\n<p><strong>Wasserdichtes Niveau:<\/strong> T\u00e4glich wasserdicht<\/p>\n<p><strong>Funktion:<\/strong> 10-Frequenz-Vibration<\/p>\n<p><strong>L\u00e4rm:<\/strong> &lt;55dB<\/p>\n<p><strong>Wesentliche Merkmale<\/strong><\/p>\n<p><strong>Dildo mit zwei Enden f\u00fcr diskretes Vergn\u00fcgen<\/strong><\/p>\n<p>Entwickelt f\u00fcr lesbische Paare, Es hat zwei verschiedene Gr\u00f6\u00dfen Dildos, der gro\u00dfe ist 6,4 Zoll, um Ihre Partnerin zu befriedigen, und der kleine ist 3,4 Zoll, um sich selbst zu stimulieren.<\/p>\n<p><strong>10 Vibrationsmodi f\u00fcr ma\u00dfgeschneiderte Stimulation<\/strong><\/p>\n<p>Dieser doppelendige Dildo vibriert an beiden Enden und hat 10 Vibrationsmodi, um Ihnen und Ihrem Partner verschiedene Stimulationen zu bieten. Sie k\u00f6nnen die synchrone Stimulation mit Ihrem Partner genie\u00dfen und sogar gleichzeitig hoch kommen.<\/p>\n<p><strong>Wasserdicht f\u00fcr vielseitiges Spielen<\/strong><\/p>\n<p>V\u00f6llig wasserdicht, kann der Dildo-Vibrator sicher in der Dusche oder in der Badewanne verwendet werden, was Ihre M\u00f6glichkeiten f\u00fcr lustvolle Erfahrungen erweitert.<\/p>\n<p><img decoding=\"async\" src=\"https:\/\/vivbliss.com\/wp-content\/uploads\/2025\/09\/cc1f706f-4d0f-451b-a9e0-20748d643c00.__CR001464600_PT0_SX1464_V1___.jpg\" alt=\"Strao auf Dildo\" class=\"product-desc-image\" style=\"max-width: 100%; height: auto; display: block; margin: 10px auto;\" \/><img decoding=\"async\" src=\"https:\/\/vivbliss.com\/wp-content\/uploads\/2025\/09\/80755dcd-4c2e-4fc5-8931-3d3707f6d77a.__CR001464600_PT0_SX1464_V1___.jpg\" alt=\"Umschnalldildo\" class=\"product-desc-image\" style=\"max-width: 100%; height: auto; display: block; margin: 10px auto;\" \/><img decoding=\"async\" src=\"https:\/\/vivbliss.com\/wp-content\/uploads\/2025\/09\/1b2a60bd-c4bf-46c5-abff-c2267d6d86f8.__CR001464600_PT0_SX1464_V1___.jpg\" alt=\"Umschnalldildo\" class=\"product-desc-image\" style=\"max-width: 100%; height: auto; display: block; margin: 10px auto;\" \/><img decoding=\"async\" src=\"https:\/\/vivbliss.com\/wp-content\/uploads\/2025\/09\/5abefcca-ac24-4fe7-b1cb-655d9c7bacd3.__CR001464600_PT0_SX1464_V1___.jpg\" alt=\"Umschnalldildo\" class=\"product-desc-image\" style=\"max-width: 100%; height: auto; display: block; margin: 10px auto;\" \/><img decoding=\"async\" src=\"https:\/\/vivbliss.com\/wp-content\/uploads\/2025\/09\/17e86cae-413b-4b17-8a2e-7212bf6d3a9a.__CR001464600_PT0_SX1464_V1___.jpg\" alt=\"Dildo\" class=\"product-desc-image\" style=\"max-width: 100%; height: auto; display: block; margin: 10px auto;\" \/><img decoding=\"async\" src=\"https:\/\/vivbliss.com\/wp-content\/uploads\/2025\/09\/1a8a2efc-1e5e-4efb-a69a-565a627f6529.__CR001464600_PT0_SX1464_V1___.jpg\" alt=\"Umschnalldildo\" class=\"product-desc-image\" style=\"max-width: 100%; height: auto; display: block; margin: 10px auto;\" \/><\/p>","protected":false},"excerpt":{"rendered":"<p>Specifications Product Name: Lesbian Strap-on Dildo Vibrator Double-ended Dildo With Remote Control Material: Sillicone + ABS Power Source: Rechargeable Waterproof level: Daily Waterproof Function: 10-frequency vibration Noise: &lt;55dB Key Features Double-ended Dildo Design for Discreet Pleasure Designed for lesbian couples, It has two different sized dildos, the big one is 6.4 inches to satisfy your partner, and the small one is 3.4 inches to stimulate yourself. 10 Vibration Modes for Customized Stimulation This double ended dildo vibrates at both ends and has 10 vibration modes to give you and your partner different stimulation.You can enjoy synchronized stimulation with your partner and even reach high at the same time. Waterproof for Versatile Play Fully waterproof, the dildo vibrator can be safely used in the shower or bath, expanding your possibilities for pleasurable experiences.<\/p>","protected":false},"featured_media":37724,"template":"","meta":{"_acf_changed":false},"product_brand":[],"product_cat":[1892],"product_tag":[],"class_list":{"0":"post-37723","1":"product","2":"type-product","3":"status-publish","4":"has-post-thumbnail","6":"product_cat-couple-toys","8":"first","9":"instock","10":"shipping-taxable","11":"purchasable","12":"product-type-variable"},"acf":[],"_links":{"self":[{"href":"https:\/\/vivbliss.com\/de\/wp-json\/wp\/v2\/product\/37723","targetHints":{"allow":["GET"]}}],"collection":[{"href":"https:\/\/vivbliss.com\/de\/wp-json\/wp\/v2\/product"}],"about":[{"href":"https:\/\/vivbliss.com\/de\/wp-json\/wp\/v2\/types\/product"}],"version-history":[{"count":0,"href":"https:\/\/vivbliss.com\/de\/wp-json\/wp\/v2\/product\/37723\/revisions"}],"wp:featuredmedia":[{"embeddable":true,"href":"https:\/\/vivbliss.com\/de\/wp-json\/wp\/v2\/media\/37724"}],"wp:attachment":[{"href":"https:\/\/vivbliss.com\/de\/wp-json\/wp\/v2\/media?parent=37723"}],"wp:term":[{"taxonomy":"product_brand","embeddable":true,"href":"https:\/\/vivbliss.com\/de\/wp-json\/wp\/v2\/product_brand?post=37723"},{"taxonomy":"product_cat","embeddable":true,"href":"https:\/\/vivbliss.com\/de\/wp-json\/wp\/v2\/product_cat?post=37723"},{"taxonomy":"product_tag","embeddable":true,"href":"https:\/\/vivbliss.com\/de\/wp-json\/wp\/v2\/product_tag?post=37723"}],"curies":[{"name":"wp","href":"https:\/\/api.w.org\/{rel}","templated":true}]}}