{"id":13864,"date":"2024-04-22T19:41:40","date_gmt":"2024-04-22T11:41:40","guid":{"rendered":"https:\/\/vivbliss.com\/?post_type=product&#038;p=13864"},"modified":"2025-06-04T02:09:27","modified_gmt":"2025-06-04T02:09:27","slug":"korper-gurtzeug-frau","status":"publish","type":"product","link":"https:\/\/vivbliss.com\/de\/product\/body-harness-woman\/","title":{"rendered":"Body Harness Frau"},"content":{"rendered":"<p>Dieser Body Harness Woman ist ein k\u00fchnes und fesselndes St\u00fcck, das die nat\u00fcrlichen Kurven des K\u00f6rpers betont und hervorhebt. Er kombiniert Sinnlichkeit mit einer kantigen \u00c4sthetik.<\/p>\n<p>Rote, elastische Tr\u00e4ger bilden ein verschlungenes Muster und sorgen f\u00fcr eine auff\u00e4llige Optik. Das kreuz und quer \u00fcber die Brust verlaufende Design betont die Brust, wobei die verstellbaren Tr\u00e4ger f\u00fcr eine perfekte Passform sorgen. Metallring-Details verleihen dem Design Raffinesse und St\u00e4rke.\u2728<\/p>\n<p>In der Mitte setzt sich das rote Band fort und lenkt die Aufmerksamkeit auf die Taille und die H\u00fcften, wodurch die Sanduhrform betont wird. Der untere Teil besteht aus einem passenden Tanga, der mit den oberen Tr\u00e4gern verbunden ist und so f\u00fcr ein einheitliches Aussehen sorgt. Der Tanga bietet eine minimale Bedeckung, was den gewagten Charakter des St\u00fccks unterstreicht.\ud83d\udd25<\/p>\n<p>Verstellbare Schnallen sorgen f\u00fcr individuelle Anpassung und Komfort. Die R\u00fcckseite des Geschirrs ist ebenso fesselnd, mit Riemen, die ein schmeichelhaftes Muster \u00fcber den R\u00fccken und das Ges\u00e4\u00df bilden.<\/p>\n<p>Dieses St\u00fcck ist optisch atemberaubend und vielseitig. Es eignet sich f\u00fcr intime Momente oder als gewagtes Modestatement und vereint Weichheit und Langlebigkeit.\ud83d\udc60<\/p>","protected":false},"excerpt":{"rendered":"<p>This Body Harness Woman is a bold and captivating piece designed to enhance and highlight the body&#8217;s natural curves. It combines sensuality with an edgy aesthetic. Red elastic straps form an intricate pattern, creating a striking visual appeal. The crisscross design across the chest accentuates the bust, with adjustable straps ensuring a perfect fit. Metal ring details add sophistication and strength to the design.\u2728 The midsection continues the red strapping, drawing attention to the waist and hips, emphasizing the hourglass shape. The lower portion includes a matching thong, connected to the upper straps, maintaining a cohesive look. The thong provides minimal coverage, enhancing the daring nature of the piece.\ud83d\udd25 Adjustable buckles offer customization and comfort. The back of the harness is equally captivating, with straps creating a flattering pattern across the back and buttocks. This piece is visually stunning and versatile. Suitable for intimate moments or as a bold fashion statement, it blends softness and durability.\ud83d\udc60<\/p>","protected":false},"featured_media":13870,"template":"","meta":{"_acf_changed":false},"product_brand":[],"product_cat":[594],"product_tag":[237,488,241,183,300,226,469],"class_list":{"0":"post-13864","1":"product","2":"type-product","3":"status-publish","4":"has-post-thumbnail","6":"product_cat-bdsm-lingerie","7":"product_tag-crotchless-lingerie","8":"product_tag-erotic-lingerie","9":"product_tag-extreme-open-crotch","10":"product_tag-lingerie-for-sex","11":"product_tag-lingerie-sets","12":"product_tag-open-crotch","13":"product_tag-uncensored-lingerie","15":"first","16":"instock","17":"sale","18":"featured","19":"shipping-taxable","20":"purchasable","21":"product-type-variable","22":"has-default-attributes"},"acf":[],"_links":{"self":[{"href":"https:\/\/vivbliss.com\/de\/wp-json\/wp\/v2\/product\/13864","targetHints":{"allow":["GET"]}}],"collection":[{"href":"https:\/\/vivbliss.com\/de\/wp-json\/wp\/v2\/product"}],"about":[{"href":"https:\/\/vivbliss.com\/de\/wp-json\/wp\/v2\/types\/product"}],"version-history":[{"count":0,"href":"https:\/\/vivbliss.com\/de\/wp-json\/wp\/v2\/product\/13864\/revisions"}],"wp:featuredmedia":[{"embeddable":true,"href":"https:\/\/vivbliss.com\/de\/wp-json\/wp\/v2\/media\/13870"}],"wp:attachment":[{"href":"https:\/\/vivbliss.com\/de\/wp-json\/wp\/v2\/media?parent=13864"}],"wp:term":[{"taxonomy":"product_brand","embeddable":true,"href":"https:\/\/vivbliss.com\/de\/wp-json\/wp\/v2\/product_brand?post=13864"},{"taxonomy":"product_cat","embeddable":true,"href":"https:\/\/vivbliss.com\/de\/wp-json\/wp\/v2\/product_cat?post=13864"},{"taxonomy":"product_tag","embeddable":true,"href":"https:\/\/vivbliss.com\/de\/wp-json\/wp\/v2\/product_tag?post=13864"}],"curies":[{"name":"wp","href":"https:\/\/api.w.org\/{rel}","templated":true}]}}